{"id":3437,"date":"2025-05-02T19:38:57","date_gmt":"2025-05-02T19:38:57","guid":{"rendered":"https:\/\/saf-wien.at\/wpneu\/?page_id=3437"},"modified":"2025-07-16T09:18:03","modified_gmt":"2025-07-16T09:18:03","slug":"training","status":"publish","type":"page","link":"https:\/\/saf-wien.at\/wpneu\/index.php\/training\/","title":{"rendered":"Training"},"content":{"rendered":"\n<!--\n<p style=\"padding:2%; border: 2px solid red; border-radius: 10px; background:linear-gradient(135deg,rgb(142,209,252) 66%,rgb(6,147,227) 100%)\"><b>Beginn Freitagstraining<\/b><br>Falls die Arbeiten an den Steganlagen schon beendet sind ist geplant ab dem 30.5. mit dem regelm\u00e4\u00dfigen Freitagstraining zu beginnen. Genauere Infos bei J\u00f6rg.<\/p>\n-->\n\n\n\n<!--\n<p style=\"padding:2%; border: 2px solid red; border-radius: 10px; background:linear-gradient(135deg,rgb(142,209,252) 66%,rgb(6,147,227) 100%)\"><b>SAF Sommer Trainingswoche<\/b><br>Auch heuer gibt es wieder ein Salzwassertraining vom 28.6.-6.5.2025 in Kroatien. Genauere Infos bei J\u00f6rg.<\/p>\n-->\n\n\n\n<h2 class=\"wp-block-heading\" id=\"trainingstop\">Die \u00dcbungs- und Trainingsangebote des SAF:<\/h2>\n\n\n\n<ul class=\"wp-block-list\">\n<li><a href=\"#kindersegeln\">Kinder- und Jugendsegeln<\/a><\/li>\n\n\n\n<li><a href=\"#anfaengersegeln\">Kurse f\u00fcr Anf\u00e4nger<\/a><\/li>\n\n\n\n<li><a href=\"#regattaeinsteiger\">Kurse f\u00fcr Regatta-Einsteiger<\/a><\/li>\n\n\n\n<li><a href=\"#regattatraining\">Regatta-Trainings<\/a><\/li>\n\n\n\n<li><a href=\"#mastertraining\">Laser Master-Trainings<\/a><\/li>\n\n\n\n<li><a href=\"#vereinsboote\">Unsere Vereinsboote<\/a><\/li>\n\n\n\n<li><a href=\"#ansprechperson\">Eure Ansprechperson<\/a><\/li>\n<\/ul>\n\n\n\n<h3 class=\"wp-block-heading\" id=\"kindersegeln\">Kinder- und Jugendsegeln<\/h3>\n\n\n\n<figure class=\"wp-block-image size-large is-resized\"><img loading=\"lazy\" decoding=\"async\" width=\"768\" height=\"1024\" src=\"https:\/\/saf-wien.at\/wpneu\/wp-content\/uploads\/2024\/12\/signal-2024-12-01-135314_002-768x1024.jpeg\" alt=\"\" class=\"wp-image-3440\" style=\"object-fit:cover;width:228px;height:300px\" srcset=\"https:\/\/saf-wien.at\/wpneu\/wp-content\/uploads\/2024\/12\/signal-2024-12-01-135314_002-768x1024.jpeg 768w, https:\/\/saf-wien.at\/wpneu\/wp-content\/uploads\/2024\/12\/signal-2024-12-01-135314_002-225x300.jpeg 225w, https:\/\/saf-wien.at\/wpneu\/wp-content\/uploads\/2024\/12\/signal-2024-12-01-135314_002-1152x1536.jpeg 1152w, https:\/\/saf-wien.at\/wpneu\/wp-content\/uploads\/2024\/12\/signal-2024-12-01-135314_002.jpeg 1200w\" sizes=\"auto, (max-width: 768px) 100vw, 768px\" \/><\/figure>\n\n\n\n<p><\/p>\n\n\n\n<details class=\"wp-block-details is-layout-flow wp-block-details-is-layout-flow\"><summary>Segeln f\u00fcr Kinder und Jugendliche. Spass am Wasser und Freunde treffen.<br>Jeden Freitag ab 13 Uhr im SAF. [Mehr Info &#8230;]<\/summary>\n<p><br>F\u00fcr Kinder und Jugendliche ist segeln in erster Linie eines: ein riesen Spass. Hier k\u00f6nnen sie gefahrlos im Wasser plantschen, der Kapit\u00e4n auf ihrem Boot sein und sich mit anderen Kindern oder Jugendlichen treffen.<br>Ob im Opti, dem Piraten oder dem Laser, die Kids f\u00fchlen sich bald in jedem Boot wie zu Hause.<br>Ziel ist das sichere Beherrschen des Bootes, die Kenntnis der Segelregeln sowie bei Interesse das Heranf\u00fchren an das Regattasegeln. <strong>&gt;<\/strong><br>Da unsere Kinder heutzutage schon fast einen komplexeren Terminkalender als ein Manager haben werden die \u00dcbungszeiten nach R\u00fccksprache mit den Eltern individuell an die Bed\u00fcrfnisse der Teilnehmer angepasst.<br>Haupttrainingstag ist der Freitag ab ca 13 Uhr. <\/p>\n\n\n\n<p><\/p>\n<\/details>\n\n\n\n<p><\/p>\n\n\n\n<h3 class=\"wp-block-heading\" id=\"anfaengersegeln\">Kurse f\u00fcr Anf\u00e4nger<\/h3>\n\n\n\n<figure class=\"wp-block-image size-large is-resized\"><img loading=\"lazy\" decoding=\"async\" width=\"781\" height=\"1024\" src=\"https:\/\/saf-wien.at\/wpneu\/wp-content\/uploads\/2024\/12\/Helmut_Ausschnitt-781x1024.jpg\" alt=\"\" class=\"wp-image-3442\" style=\"object-fit:cover;width:228px;height:300px\" srcset=\"https:\/\/saf-wien.at\/wpneu\/wp-content\/uploads\/2024\/12\/Helmut_Ausschnitt-781x1024.jpg 781w, https:\/\/saf-wien.at\/wpneu\/wp-content\/uploads\/2024\/12\/Helmut_Ausschnitt-229x300.jpg 229w, https:\/\/saf-wien.at\/wpneu\/wp-content\/uploads\/2024\/12\/Helmut_Ausschnitt-768x1007.jpg 768w, https:\/\/saf-wien.at\/wpneu\/wp-content\/uploads\/2024\/12\/Helmut_Ausschnitt-1171x1536.jpg 1171w, https:\/\/saf-wien.at\/wpneu\/wp-content\/uploads\/2024\/12\/Helmut_Ausschnitt.jpg 1209w\" sizes=\"auto, (max-width: 781px) 100vw, 781px\" \/><\/figure>\n\n\n\n<p><\/p>\n\n\n\n<details class=\"wp-block-details is-layout-flow wp-block-details-is-layout-flow\"><summary>Du m\u00f6chtest segeln lernen? Mache den ersten Schritt. Es ist einfacher als du denkst.<br>Jeden Freitag ab 16 Uhr. [Mehr Info &#8230;] <\/summary>\n<p><br>Ob du ein kompletter Anf\u00e4nger oder eine Anf\u00e4ngerin bist, gerade deinen A-Schein gemacht hast oder schon immer auf Dickschiffen unterwegs warst und jetzt deine Segeltechnik verbessern m\u00f6chtest, du bist hier richtig.<br>Wir begleiten dich Schritt f\u00fcr Schritt auf deinem Weg von der Landratte bis zum richtigen Seeb\u00e4ren.<br>Der Freitag ist dein Trainingstag. Ab 16 Uhr k\u00fcmmern wir uns um deine Segeltechnik, zeigen dir, wie man das Boot aufbaut und wie man es richtig trimmt.<\/p>\n<\/details>\n\n\n\n<p><\/p>\n\n\n\n<h3 class=\"wp-block-heading\" id=\"regattaeinsteiger\">Kurse f\u00fcr Regatta-Einsteiger<\/h3>\n\n\n\n<p><\/p>\n\n\n\n<figure class=\"wp-block-image size-full is-resized\"><img loading=\"lazy\" decoding=\"async\" width=\"800\" height=\"533\" src=\"https:\/\/saf-wien.at\/wpneu\/wp-content\/uploads\/2024\/12\/oam2011_web_11.jpg\" alt=\"\" class=\"wp-image-3485\" style=\"object-fit:cover;width:228px;height:300px\" srcset=\"https:\/\/saf-wien.at\/wpneu\/wp-content\/uploads\/2024\/12\/oam2011_web_11.jpg 800w, https:\/\/saf-wien.at\/wpneu\/wp-content\/uploads\/2024\/12\/oam2011_web_11-300x200.jpg 300w, https:\/\/saf-wien.at\/wpneu\/wp-content\/uploads\/2024\/12\/oam2011_web_11-768x512.jpg 768w\" sizes=\"auto, (max-width: 800px) 100vw, 800px\" \/><\/figure>\n\n\n\n<p><\/p>\n\n\n\n<details class=\"wp-block-details is-layout-flow wp-block-details-is-layout-flow\"><summary>Du beherrscht dein Boot schon recht gut und m\u00f6chtest Regattaluft schnuppern? <br>[Weiter lesen &#8230;]<\/summary>\n<p><\/p>\n\n\n\n<p>Wir zeigen dir wie du deine ersten Schritte auf der Regattabahn bew\u00e4ltigen kannst, erkl\u00e4ren dir die Wettkampfregeln und zeigen dir wie ein Start funktioniert. Da steht dann einem Start bei einer regionalen Regatta nichts mehr im Wege.<br>Neben dem Freitag haben wir das Montagstraining f\u00fcr dich auf dem Programm. Von Mitte April bis Mitte Oktober kannst du hier jeden Montag an 2 Wettfahrten teilnehmen. Start 18 Uhr. Da wird die Regatta Theorie schnell zur gelebten Regatta Praxis.<\/p>\n<\/details>\n\n\n\n<p><\/p>\n\n\n\n<h3 class=\"wp-block-heading\" id=\"regattatraining\">Regatta-Trainings<\/h3>\n\n\n\n<figure class=\"wp-block-image size-large is-resized\"><img loading=\"lazy\" decoding=\"async\" width=\"1024\" height=\"683\" src=\"https:\/\/saf-wien.at\/wpneu\/wp-content\/uploads\/2024\/12\/IMG_0725-1024x683.jpg\" alt=\"\" class=\"wp-image-3482\" style=\"object-fit:cover;width:228px;height:300px\" srcset=\"https:\/\/saf-wien.at\/wpneu\/wp-content\/uploads\/2024\/12\/IMG_0725-1024x683.jpg 1024w, https:\/\/saf-wien.at\/wpneu\/wp-content\/uploads\/2024\/12\/IMG_0725-300x200.jpg 300w, https:\/\/saf-wien.at\/wpneu\/wp-content\/uploads\/2024\/12\/IMG_0725-768x512.jpg 768w, https:\/\/saf-wien.at\/wpneu\/wp-content\/uploads\/2024\/12\/IMG_0725-1536x1024.jpg 1536w, https:\/\/saf-wien.at\/wpneu\/wp-content\/uploads\/2024\/12\/IMG_0725-2048x1365.jpg 2048w\" sizes=\"auto, (max-width: 1024px) 100vw, 1024px\" \/><\/figure>\n\n\n\n<p><\/p>\n\n\n\n<details class=\"wp-block-details is-layout-flow wp-block-details-is-layout-flow\"><summary>Du bist schon ein erfahrener Regattasegler, eine erfahrene Regattaseglerin?<br>[Weiter lesen &#8230;]<\/summary>\n<p><\/p>\n\n\n\n<p>Du bist schon Schwerpunktregatten gesegelt und m\u00f6chtest deine Rollwenden und Rollhalsen verbessern sowie deine Wind- und Feldtaktik trainieren? Positiv und negativ segeln sowie der Hasenstart sind auch keine Fremdw\u00f6rter f\u00fcr dich?<br>Neben den Freitags- und Montagstrainings gibt es f\u00fcr dich am Mittwoch ab 17 Uhr ein Regattatraining. Gemeinsam mit Seglern des Nachbarclubs SCAMs werden hier Technik und Taktik trainiert sowie Trainingswettfahrten durchgef\u00fchrt.<\/p>\n<\/details>\n\n\n\n<p><\/p>\n\n\n\n<h3 class=\"wp-block-heading\" id=\"mastertraining\">Laser Master-Trainings<\/h3>\n\n\n\n<figure class=\"wp-block-image size-large is-resized\"><img loading=\"lazy\" decoding=\"async\" width=\"1024\" height=\"683\" src=\"https:\/\/saf-wien.at\/wpneu\/wp-content\/uploads\/2024\/12\/IMG_3975-1024x683.jpg\" alt=\"\" class=\"wp-image-3488\" style=\"object-fit:cover;width:228px;height:300px\" srcset=\"https:\/\/saf-wien.at\/wpneu\/wp-content\/uploads\/2024\/12\/IMG_3975-1024x683.jpg 1024w, https:\/\/saf-wien.at\/wpneu\/wp-content\/uploads\/2024\/12\/IMG_3975-300x200.jpg 300w, https:\/\/saf-wien.at\/wpneu\/wp-content\/uploads\/2024\/12\/IMG_3975-768x512.jpg 768w, https:\/\/saf-wien.at\/wpneu\/wp-content\/uploads\/2024\/12\/IMG_3975-1536x1024.jpg 1536w, https:\/\/saf-wien.at\/wpneu\/wp-content\/uploads\/2024\/12\/IMG_3975-2048x1365.jpg 2048w\" sizes=\"auto, (max-width: 1024px) 100vw, 1024px\" \/><\/figure>\n\n\n\n<p><\/p>\n\n\n\n<details class=\"wp-block-details is-layout-flow wp-block-details-is-layout-flow\"><summary>Du bist Laser Master-Segler oder Seglerin, also nicht mehr so ganz jugendlich.<br>[Weiter lesen &#8230;]<\/summary>\n<p><\/p>\n\n\n\n<p>Du m\u00f6chtest jetzt in das Laser (ILCA) Regatta segeln einsteigen? Du bist in deiner Jugend schon viel gesegelt und hast dann pausiert? Wir helfen dir beim Ein- oder Wiedereinstieg und zeigen dir die moderne Regattatechnik. Abh\u00e4ngig von deinem seglerischen K\u00f6nnen kannst du selbstverst\u00e4ndlich an allen oben angef\u00fchrten Trainings teilnehmen. Wir freuen uns auf dich.<\/p>\n<\/details>\n\n\n\n<p><\/p>\n\n\n\n<p><\/p>\n\n\n\n<h3 class=\"wp-block-heading\" id=\"vereinsboote\">Unsere Vereinsboote<\/h3>\n\n\n\n<p><\/p>\n\n\n\n<p>Du musst kein eigenes Boot besitzen wenn du an den \u00dcbungs- oder Trainingskursen des SAF teilnehmen willst. Der SAF hat eine Reihe von verschiedenen Clubbooten zur Verf\u00fcgung die von den Clubmitgliedern kostenfrei benutzt werden k\u00f6nnen. Dadurch ist es nicht notwendig schon eine gr\u00f6\u00dfere Investition t\u00e4tigen zu m\u00fcssen noch bevor man \u00fcberhaupt wei\u00df ob man das Segeln l\u00e4ngerfristig betreiben m\u00f6chte.<\/p>\n\n\n\n<h3 class=\"wp-block-heading\">Der Optimist<\/h3>\n\n\n\n<figure class=\"wp-block-image size-full is-resized\"><img loading=\"lazy\" decoding=\"async\" width=\"899\" height=\"988\" src=\"https:\/\/saf-wien.at\/wpneu\/wp-content\/uploads\/2024\/12\/Optimist2.jpeg\" alt=\"\" class=\"wp-image-3500\" style=\"object-fit:cover;width:228px;height:300px\" srcset=\"https:\/\/saf-wien.at\/wpneu\/wp-content\/uploads\/2024\/12\/Optimist2.jpeg 899w, https:\/\/saf-wien.at\/wpneu\/wp-content\/uploads\/2024\/12\/Optimist2-273x300.jpeg 273w, https:\/\/saf-wien.at\/wpneu\/wp-content\/uploads\/2024\/12\/Optimist2-768x844.jpeg 768w\" sizes=\"auto, (max-width: 899px) 100vw, 899px\" \/><\/figure>\n\n\n\n<p>Kaum ein Kind auf dieser Welt, das in die Welt des Segelsports eingestiegen ist, hat nicht mit einem Optimisten begonnen. Er ist robust, verzeiht Fehler und ist auch von leichtgewichtigen Kindern so ab dem 6. Lebensjahr gut zu segeln. Der SAF besitzt 3 Optimisten die darauf warten von segelbegeisterten Kids gesegelt zu werden.<\/p>\n\n\n\n<h3 class=\"wp-block-heading\">Die M\u00f6we<\/h3>\n\n\n\n<figure class=\"wp-block-image size-large is-resized\"><img loading=\"lazy\" decoding=\"async\" width=\"768\" height=\"1024\" src=\"https:\/\/saf-wien.at\/wpneu\/wp-content\/uploads\/2024\/12\/signal-2024-12-03-092601-768x1024.jpeg\" alt=\"\" class=\"wp-image-3475\" style=\"object-fit:cover;width:228px;height:300px\" srcset=\"https:\/\/saf-wien.at\/wpneu\/wp-content\/uploads\/2024\/12\/signal-2024-12-03-092601-768x1024.jpeg 768w, https:\/\/saf-wien.at\/wpneu\/wp-content\/uploads\/2024\/12\/signal-2024-12-03-092601-225x300.jpeg 225w, https:\/\/saf-wien.at\/wpneu\/wp-content\/uploads\/2024\/12\/signal-2024-12-03-092601-1152x1536.jpeg 1152w, https:\/\/saf-wien.at\/wpneu\/wp-content\/uploads\/2024\/12\/signal-2024-12-03-092601.jpeg 1200w\" sizes=\"auto, (max-width: 768px) 100vw, 768px\" \/><\/figure>\n\n\n\n<p>Wenn du ein Anf\u00e4nger oder eine Anf\u00e4ngerin auf dem Weg zum ersten Segelschein bist wird dich die M\u00f6we bei deinen \u00dcbungsfahrten begleiten. Die M\u00f6we, die eigentlich eine Bombardier 4.8 ist, ist eine gutm\u00fctige Familienjolle. Sie ist stabil und kentersicher, einfach zu segeln, verzeiht Fehler und kann bis zu 4 Personen tragen. Sie wird bei unseren A-Schein Kursen und bei den Schnuppersegeltagen mit Volksschulkindern eingesetzt.<\/p>\n\n\n\n<h3 class=\"wp-block-heading\">Der Laser<\/h3>\n\n\n\n<figure class=\"wp-block-image size-full is-resized\"><img loading=\"lazy\" decoding=\"async\" width=\"312\" height=\"481\" src=\"https:\/\/saf-wien.at\/wpneu\/wp-content\/uploads\/2024\/12\/Laser-1.jpeg\" alt=\"\" class=\"wp-image-3492\" style=\"object-fit:cover;width:228px;height:300px\" srcset=\"https:\/\/saf-wien.at\/wpneu\/wp-content\/uploads\/2024\/12\/Laser-1.jpeg 312w, https:\/\/saf-wien.at\/wpneu\/wp-content\/uploads\/2024\/12\/Laser-1-195x300.jpeg 195w\" sizes=\"auto, (max-width: 312px) 100vw, 312px\" \/><\/figure>\n\n\n\n<p>Der Laser (oder ILCA Dinghi) ist das meistgesegelte Segelboot. Nicht nur bei uns im Segelzentrum Wien sondern auch weltweit. Durch seinen einfachen Aufbau kann er von Anf\u00e4ngern ebenso gesegelt werden wie von Profis, die an internationalen Regatten bis hin zu den olympischen Spielen teilnehmen wollen. Der SAF hat 5 Vereinslaser zur Verf\u00fcgung, die alle mit dem XD Trimmsystem ausgestattet sind und die mit dem Laser Standard Segel (ILCA 7), dem Radial Segel (ILCA 6) oder dem 4.7er Segel (ILCA 4) best\u00fcckt werden k\u00f6nnen.<\/p>\n\n\n\n<h3 class=\"wp-block-heading\">Der Pirat<\/h3>\n\n\n\n<figure class=\"wp-block-image size-full is-resized\"><img loading=\"lazy\" decoding=\"async\" width=\"785\" height=\"589\" src=\"https:\/\/saf-wien.at\/wpneu\/wp-content\/uploads\/2024\/12\/aut510_995_web.jpg\" alt=\"\" class=\"wp-image-3471\" style=\"object-fit:cover;width:228px;height:300px\" srcset=\"https:\/\/saf-wien.at\/wpneu\/wp-content\/uploads\/2024\/12\/aut510_995_web.jpg 785w, https:\/\/saf-wien.at\/wpneu\/wp-content\/uploads\/2024\/12\/aut510_995_web-300x225.jpg 300w, https:\/\/saf-wien.at\/wpneu\/wp-content\/uploads\/2024\/12\/aut510_995_web-768x576.jpg 768w\" sizes=\"auto, (max-width: 785px) 100vw, 785px\" \/><\/figure>\n\n\n\n<p>Der Pirat ist wohl der Klassiker unter den Segelschulbooten. Aber nicht nur im Schulbetrieb sondern auch bei nationalen und internationalen Regatten macht der 1938 vom deutschen Jollenkonstrukteur Carl Martens gezeichnete Knickspanter eine gute Figur. Der SAF verf\u00fcgt \u00fcber 3 Piraten, die alle regattatauglich mit den entsprechenden Trimmeinrichtungen und Spinnaker ausger\u00fcstet sind.<\/p>\n\n\n\n<p><\/p>\n\n\n\n<p><\/p>\n\n\n\n<h3 class=\"wp-block-heading\" id=\"ansprechperson\">Eure Ansprechperson<\/h3>\n\n\n\n<p><\/p>\n\n\n\n<figure class=\"wp-block-image size-large is-resized\"><img loading=\"lazy\" decoding=\"async\" width=\"798\" height=\"1024\" src=\"https:\/\/saf-wien.at\/wpneu\/wp-content\/uploads\/2024\/12\/Joerg-1-798x1024.jpeg\" alt=\"\" class=\"wp-image-3495\" style=\"object-fit:cover;width:228px;height:300px\" srcset=\"https:\/\/saf-wien.at\/wpneu\/wp-content\/uploads\/2024\/12\/Joerg-1-798x1024.jpeg 798w, https:\/\/saf-wien.at\/wpneu\/wp-content\/uploads\/2024\/12\/Joerg-1-234x300.jpeg 234w, https:\/\/saf-wien.at\/wpneu\/wp-content\/uploads\/2024\/12\/Joerg-1-768x985.jpeg 768w, https:\/\/saf-wien.at\/wpneu\/wp-content\/uploads\/2024\/12\/Joerg-1.jpeg 828w\" sizes=\"auto, (max-width: 798px) 100vw, 798px\" \/><\/figure>\n\n\n\n<p><\/p>\n\n\n\n<p>Mein Name ist J\u00f6rg Holl. Ich bin eure Ansprechperson in Trainingsfragen. Wenn ihr mehr Informationen \u00fcber unsere \u00dcbungs- und Trainingsprogramme ben\u00f6tigt, mehr \u00fcber unsere Vereinsboote wissen oder mehr \u00fcber unsere Segelkurse auf anderen Seen oder auf dem Meer erfahren wollt schreibt mir bitte eine Mail an <a href=\"mailto:joerg.holl@gmx.at\">mailto:joerg.holl@gmx.at<\/a> .<\/p>\n","protected":false},"excerpt":{"rendered":"<p>Die \u00dcbungs- und Trainingsangebote des SAF: Kinder- und Jugendsegeln Kurse f\u00fcr Anf\u00e4nger Kurse f\u00fcr Regatta-Einsteiger Regatta-Trainings Laser Master-Trainings Unsere Vereinsboote Du musst kein eigenes Boot besitzen wenn du an den \u00dcbungs- oder Trainingskursen des SAF teilnehmen willst. Der SAF hat eine Reihe von verschiedenen Clubbooten zur Verf\u00fcgung die von den Clubmitgliedern kostenfrei benutzt werden k\u00f6nnen. &#8230; <a title=\"Training\" class=\"read-more\" href=\"https:\/\/saf-wien.at\/wpneu\/index.php\/training\/\" aria-label=\"Mehr Informationen \u00fcber Training\">Weiterlesen<\/a><\/p>\n","protected":false},"author":8,"featured_media":0,"parent":0,"menu_order":0,"comment_status":"closed","ping_status":"closed","template":"","meta":{"footnotes":""},"class_list":["post-3437","page","type-page","status-publish"],"_links":{"self":[{"href":"https:\/\/saf-wien.at\/wpneu\/index.php\/wp-json\/wp\/v2\/pages\/3437","targetHints":{"allow":["GET"]}}],"collection":[{"href":"https:\/\/saf-wien.at\/wpneu\/index.php\/wp-json\/wp\/v2\/pages"}],"about":[{"href":"https:\/\/saf-wien.at\/wpneu\/index.php\/wp-json\/wp\/v2\/types\/page"}],"author":[{"embeddable":true,"href":"https:\/\/saf-wien.at\/wpneu\/index.php\/wp-json\/wp\/v2\/users\/8"}],"replies":[{"embeddable":true,"href":"https:\/\/saf-wien.at\/wpneu\/index.php\/wp-json\/wp\/v2\/comments?post=3437"}],"version-history":[{"count":174,"href":"https:\/\/saf-wien.at\/wpneu\/index.php\/wp-json\/wp\/v2\/pages\/3437\/revisions"}],"predecessor-version":[{"id":4812,"href":"https:\/\/saf-wien.at\/wpneu\/index.php\/wp-json\/wp\/v2\/pages\/3437\/revisions\/4812"}],"wp:attachment":[{"href":"https:\/\/saf-wien.at\/wpneu\/index.php\/wp-json\/wp\/v2\/media?parent=3437"}],"curies":[{"name":"wp","href":"https:\/\/api.w.org\/{rel}","templated":true}]}}