{"id":2399,"date":"2022-07-12T19:04:28","date_gmt":"2022-07-12T19:04:28","guid":{"rendered":"https:\/\/saf-wien.at\/wpneu\/?page_id=2399"},"modified":"2026-04-26T08:22:56","modified_gmt":"2026-04-26T08:22:56","slug":"mitgliedschaft","status":"publish","type":"page","link":"https:\/\/saf-wien.at\/wpneu\/index.php\/mitgliedschaft\/","title":{"rendered":"Mitgliedschaft"},"content":{"rendered":"\n<p>Der Segelverein ASK\u00d6 Floridsdorf nimmt noch&nbsp;Mitglieder auf. Einzige Voraussetzung ist das Interesse am aktiven Segeln &#8211; sei es als &#8222;Freizeitsegler&#8220; oder als &#8222;Regattasegler&#8220;. <\/p>\n\n\n\n<p>Alle ordentliche Mitglieder haben Anspruch auf alle&nbsp;Vereinsleistungen, insbesondere auch auf die&nbsp;Sportf\u00f6rderung&nbsp;f\u00fcr aktive Regattasegler! <br>Besondere Angebote gibt es f\u00fcr Familien mit mehr als einem Kind, Jugendlichen und G\u00e4ste. Alle Einzel- und Anschlussmitglieder sind \u00fcber unseren Verein auch Mitglieder im \u00d6sterreichischen Segelverband (\u00d6SV) und beziehen ohne zus\u00e4tzliche Kosten die Zeitschrift &#8222;Yachtrevue&#8220;.<\/p>\n\n\n\n<p>F\u00fcr Mitglieder bieten wir au\u00dferdem Bootsliegepl\u00e4tze an den Vereinsstegen, entweder als Wasserliegeplatz oder auf einem Trockenflo\u00df an. Auf dem Anh\u00e4ngerstellplatz k\u00f6nnen die zugeh\u00f6rigen Bootsanh\u00e4nger oder auch das Boot auf einem H\u00e4nger oder Slipwagen abgestellt werden. In der Bootshalle gibt es einen Garderobebereich der allen Mitgliedern zur Verf\u00fcgung steht, auch ein eigener versperrbarer Garderobekasten kann gemietet werden.<\/p>\n\n\n\n<h2 class=\"wp-block-heading has-text-align-center\">Arten der Mitgliedschaft<\/h2>\n\n\n\n<ul class=\"wp-block-list\">\n<li>Einzelmitglied (Alter ab 19 Jahre)<\/li>\n\n\n\n<li>Anschlussmitglied (Alter ab 19 Jahre; gemeinsamer Haushalt mit einem Einzelmitglied)<\/li>\n\n\n\n<li>Jugendmitglied &#8211; Einzel (Alter bis 19 Jahre\/27 Jahre bei Studium<\/li>\n\n\n\n<li>Jugendmitglied &#8211; Anschluss (Alter bis 19 Jahre\/27 Jahre bei Studium; gemeinsamer Haushalt mit einem Jugendmitglied &#8211; Einzel oder einem Einzelmitglied)<\/li>\n\n\n\n<li>Au\u00dferordentliches Mitglied<\/li>\n\n\n\n<li>Trainingsmitglied<\/li>\n\n\n\n<li>Gastmitglied (begrenzt auf 1 Jahr &#8211; Gastmitglieder haben keinen Anspruch auf Sportf\u00f6rderung und zahlen h\u00f6here Beitr\u00e4ge f\u00fcr einzelne Vereinsleistungen.)<\/li>\n<\/ul>\n\n\n\n<p>Um als Jugendmitglied &#8211; Einzel oder als Einzelmitglied aufgenommen zu werden ist vorerst eine einj\u00e4hrige Gastmitgliedschaft erforderlich. Nach Ablauf dieses &#8222;Gastjahres&#8220; kann der Antrag auf Aufnahme gestellt werden. \u00dcber die endg\u00fcltige Aufnahme entscheidet dann der Vorstand. Ein Gastmitglied genie\u00dft alle Rechte, allerdings sind f\u00fcr einzelne Vereinsleistungen h\u00f6here Kostenbeitr\u00e4ge zu bezahlen. Es besteht kein Anspruch auf Sportf\u00f6rderung und kein Stimmrecht in der General- oder Jahreshauptversammlung.<br><\/p>\n\n\n\n<p>Die aktuelle Detailbeschreibung und <strong>Mitgliedsbeitr\u00e4ge<\/strong> sind <a href=\"https:\/\/saf-wien.at\/wpneu\/wp-content\/uploads\/2026\/01\/Mitgliedsbeitraege_2026.pdf\" target=\"_blank\" rel=\"noreferrer noopener\">hier<\/a> zusammengestellt.<\/p>\n\n\n\n<h2 class=\"wp-block-heading has-text-align-center\">Mitglied werden<\/h2>\n\n\n\n<p>Sie haben sich auf unseren Internetseiten umgesehen und Interesse an einer Mitgliedschaft?<\/p>\n\n\n\n<p>Wenn Sie noch weitere Informationen brauchen, so kontaktieren Sie uns \u00fcber das <a href=\"https:\/\/saf-wien.at\/wpneu\/index.php\/kontakt\/\" data-type=\"page\" data-id=\"2379\">Kontaktformular<\/a> oder besuchen uns bei einer der Veranstaltungen. Ihr Entschluss ist schon gefallen und Sie wollen Mitglied werden? F\u00fcr diesen Fall haben wir zum Download f\u00fcr Sie bereitgestellt:<\/p>\n\n\n\n<p><a href=\"https:\/\/saf-wien.at\/wpneu\/wp-content\/uploads\/2024\/02\/aufnahmeantrag.pdf\" target=\"_blank\" rel=\"noreferrer noopener nofollow\"><strong>Antrag auf Mitgliedschaft<\/strong><\/a> <br><strong><a href=\"https:\/\/saf-wien.at\/wpneu\/wp-content\/uploads\/2025\/05\/20250310_SAF-Statuten_2025_Beschluss.pdf\" target=\"_blank\" rel=\"noreferrer noopener nofollow\">Statuten des Segelverein ASK\u00d6 Floridsdorf<\/a><\/strong><\/p>\n\n\n\n<p>Statutengem\u00e4\u00df entscheidet der Vorstand \u00fcber die Aufnahme und wir werden uns umgehend mit Ihnen in Verbindung setzen!<\/p>\n\n\n\n<h2 class=\"wp-block-heading has-text-align-center\">Leistungen und Preise<\/h2>\n\n\n\n<p>Ein Verein braucht auch das gemeinsame Zusammenhelfen aller Mitglieder um die Anlagen instand zu halten und Veranstaltungen durchzuf\u00fchren. Jedes Mitglied soll daher, seinen F\u00e4higkeiten und M\u00f6glichkeiten entsprechend beitragen:<\/p>\n\n\n\n<ul class=\"wp-block-list\">\n<li>Jedes Einzel- oder Anschlussmitglied muss j\u00e4hrlich 10 Arbeitsstunden f\u00fcr Vereinst\u00e4tigkeiten (Aus- und Einwintern, Anlagen-Instandhaltung, Bootsreparaturen, Regatta-Veranstaltungsdienste, etc.) erbringen oder optional diese gemeinn\u00fctzige Arbeit abl\u00f6sen.<\/li>\n\n\n\n<li>Jedes Jugend-Einzel oder Jugend-Anschlussmitglied ab dem 14. Lebensjahr muss j\u00e4hrlich 5 Arbeitsstunden f\u00fcr Vereinst\u00e4tigkeiten (Aus- und Einwintern, Anlagen-Instandhaltung, Bootsreparaturen, Regatta-Veranstaltungsdienste, etc.) erbringen oder optional diese gemeinn\u00fctzige Arbeit abl\u00f6sen.<\/li>\n\n\n\n<li>Die Arbeitsstunden sind an pers\u00f6nliche Anschlussmitglieder \u00fcbertragbar. Mehrstunden werden bis zur H\u00f6he des eigenen Mitgliedsbeitrags abgel\u00f6st.<\/li>\n<\/ul>\n\n\n\n<p>Jedes dieser Mitglieder hat Anspruch auf alle <strong><a href=\"https:\/\/saf-wien.at\/wpneu\/wp-content\/uploads\/2026\/04\/Vereinsleistungen_2026.pdf\">Vereinsleistungen<\/a><\/strong>, insbesondere auch auf die <strong>Sportf\u00f6rderung<\/strong> f\u00fcr aktive Regattasegler, die in den folgenden Abs\u00e4tzen dargestellt werden! Gastmitglieder und au\u00dferordentliche Mitglieder haben aber keinen Anspruch auf Sportf\u00f6rderung und zahlen h\u00f6here Beitr\u00e4ge f\u00fcr einzelne Vereinsleistungen.<\/p>\n\n\n\n<p>Um einen reibungslosen Betrieb gew\u00e4hrleisten, die Anlagen instand halten und Veranstaltungen durchzuf\u00fchren zu k\u00f6nnen ist das Mitwirken aller Mitglieder erforderlich. Jedes Mitglied wird daher gebeten, seinen F\u00e4higkeiten und M\u00f6glichkeiten entsprechend, etwas beizutragen.<\/p>\n\n\n\n<h2 class=\"wp-block-heading has-text-align-center\">Sportf\u00f6rderung<\/h2>\n\n\n\n<p>Die sportliche T\u00e4tigkeit unserer Mitglieder f\u00f6rdern wir nach einem dreistufigen Sportf\u00f6rderungs-Modell. Als unterste Stufe steht jedem unser Trainings-, und Ausbildungsprogramm offen. Die Basisstufe richtet sich an alle Ranglistensegler in \u00d6SV-gef\u00f6rderten Bootsklassen und sieht eine j\u00e4hrliche Sachzuwendung vor &#8211; bewusst haben wir hier darauf verzichtet die erzielte Leistung einzubeziehen. Wir wollen damit eine m\u00f6glichst breite Basis von Regattaseglern motivieren. Die Leistungsstufe richtet sich an die Segler in \u00d6SV-gef\u00f6rderten Bootsklassen die mit grossem Einsatz national und international t\u00e4tig sind und gute Leistungen erbringen. Hier wird der Leistungsnachweis nach einem Punktesystem bewertet und mit einer j\u00e4hrlichen Bargeldzuwendung belohnt.<\/p>\n\n\n\n<figure class=\"wp-block-image size-large\"><img loading=\"lazy\" decoding=\"async\" width=\"1024\" height=\"437\" src=\"https:\/\/saf-wien.at\/wpneu\/wp-content\/uploads\/2023\/05\/sportfoerderungsmodell-1024x437.jpg\" alt=\"\" class=\"wp-image-2808\" srcset=\"https:\/\/saf-wien.at\/wpneu\/wp-content\/uploads\/2023\/05\/sportfoerderungsmodell-1024x437.jpg 1024w, https:\/\/saf-wien.at\/wpneu\/wp-content\/uploads\/2023\/05\/sportfoerderungsmodell-300x128.jpg 300w, https:\/\/saf-wien.at\/wpneu\/wp-content\/uploads\/2023\/05\/sportfoerderungsmodell-768x328.jpg 768w, https:\/\/saf-wien.at\/wpneu\/wp-content\/uploads\/2023\/05\/sportfoerderungsmodell-1536x656.jpg 1536w, https:\/\/saf-wien.at\/wpneu\/wp-content\/uploads\/2023\/05\/sportfoerderungsmodell-2048x874.jpg 2048w\" sizes=\"auto, (max-width: 1024px) 100vw, 1024px\" \/><\/figure>\n\n\n\n<p>Alle Details unserer Sportf\u00f6rderung finden Sie in den Bestimmungen, als Mitglied k\u00f6nnen Sie jedes Jahr die F\u00f6rderung beantragen. Die Bestimmungen und alle Antragsformulare finden Sie hier zum Downloaden:<\/p>\n\n\n\n<p><strong><a href=\"https:\/\/saf-wien.at\/wpneu\/wp-content\/uploads\/2025\/05\/antrag-basisfoerderung.pdf\" target=\"_blank\" rel=\"noreferrer noopener nofollow\">Antrag auf Basisf\u00f6rderung<\/a> <\/strong>(j\u00e4hrlich bis sp\u00e4testens 15. November einreichen!)<br><a href=\"https:\/\/saf-wien.at\/wpneu\/wp-content\/uploads\/2025\/05\/antrag-leistfoerderung.xls\" target=\"_blank\" rel=\"noreferrer noopener nofollow\"><strong>Antrag auf Leistungsf\u00f6rderung<\/strong><\/a> (j\u00e4hrlich bis sp\u00e4testens 15. November einreichen!)<\/p>\n\n\n\n<p><\/p>\n","protected":false},"excerpt":{"rendered":"<p>Der Segelverein ASK\u00d6 Floridsdorf nimmt noch&nbsp;Mitglieder auf. Einzige Voraussetzung ist das Interesse am aktiven Segeln &#8211; sei es als &#8222;Freizeitsegler&#8220; oder als &#8222;Regattasegler&#8220;. Alle ordentliche Mitglieder haben Anspruch auf alle&nbsp;Vereinsleistungen, insbesondere auch auf die&nbsp;Sportf\u00f6rderung&nbsp;f\u00fcr aktive Regattasegler! Besondere Angebote gibt es f\u00fcr Familien mit mehr als einem Kind, Jugendlichen und G\u00e4ste. Alle Einzel- und Anschlussmitglieder sind &#8230; <a title=\"Mitgliedschaft\" class=\"read-more\" href=\"https:\/\/saf-wien.at\/wpneu\/index.php\/mitgliedschaft\/\" aria-label=\"Mehr Informationen \u00fcber Mitgliedschaft\">Weiterlesen<\/a><\/p>\n","protected":false},"author":7,"featured_media":0,"parent":0,"menu_order":0,"comment_status":"closed","ping_status":"closed","template":"","meta":{"footnotes":""},"class_list":["post-2399","page","type-page","status-publish"],"_links":{"self":[{"href":"https:\/\/saf-wien.at\/wpneu\/index.php\/wp-json\/wp\/v2\/pages\/2399","targetHints":{"allow":["GET"]}}],"collection":[{"href":"https:\/\/saf-wien.at\/wpneu\/index.php\/wp-json\/wp\/v2\/pages"}],"about":[{"href":"https:\/\/saf-wien.at\/wpneu\/index.php\/wp-json\/wp\/v2\/types\/page"}],"author":[{"embeddable":true,"href":"https:\/\/saf-wien.at\/wpneu\/index.php\/wp-json\/wp\/v2\/users\/7"}],"replies":[{"embeddable":true,"href":"https:\/\/saf-wien.at\/wpneu\/index.php\/wp-json\/wp\/v2\/comments?post=2399"}],"version-history":[{"count":65,"href":"https:\/\/saf-wien.at\/wpneu\/index.php\/wp-json\/wp\/v2\/pages\/2399\/revisions"}],"predecessor-version":[{"id":4912,"href":"https:\/\/saf-wien.at\/wpneu\/index.php\/wp-json\/wp\/v2\/pages\/2399\/revisions\/4912"}],"wp:attachment":[{"href":"https:\/\/saf-wien.at\/wpneu\/index.php\/wp-json\/wp\/v2\/media?parent=2399"}],"curies":[{"name":"wp","href":"https:\/\/api.w.org\/{rel}","templated":true}]}}