{"id":2379,"date":"2022-07-12T19:04:51","date_gmt":"2022-07-12T19:04:51","guid":{"rendered":"https:\/\/saf-wien.at\/wpneu\/?page_id=2379"},"modified":"2025-08-05T08:28:28","modified_gmt":"2025-08-05T08:28:28","slug":"kontakt","status":"publish","type":"page","link":"https:\/\/saf-wien.at\/wpneu\/index.php\/kontakt\/","title":{"rendered":"Kontakt"},"content":{"rendered":"\n<div class=\"wp-block-columns is-layout-flex wp-container-core-columns-is-layout-9d6595d7 wp-block-columns-is-layout-flex\">\n<div class=\"wp-block-column is-layout-flow wp-block-column-is-layout-flow\" style=\"flex-basis:66.66%\">\n<p><strong>Segelverein&nbsp;ASK\u00d6&nbsp;Floridsdorf<\/strong><br>Standortadresse: <br>Am Hubertusdamm 141 <br>1210 Wien<\/p>\n<\/div>\n<\/div>\n\n\n\n<h2 class=\"wp-block-heading\">Anfahrt<\/h2>\n\n\n\n<p>Unser Clubgel\u00e4nde befindet sich im Segelzentrum Wien.<br> Die GPS-Position des Clubgeb\u00e4udes ist 48-16-53,3 N \/ 16-21-50,2 E (WGS84)<\/p>\n\n\n\n<h3 class=\"wp-block-heading\" style=\"font-size:20px\">Mit dem Auto<\/h3>\n\n\n\n<p>Aus dem&nbsp;<strong>Norden<\/strong>&nbsp;kommend \u2013 \u00fcber die A22 oder die B3 Wachau-Bundesstra\u00dfe direkt zur A22-Abfahrt \u201eStrebersdorf\u201c.<br>Aus dem&nbsp;<strong>Westen<\/strong>&nbsp;kommend \u2013 \u00fcber die A1 zum G\u00fcrtel (Wegweiser zur A22 Richtung Prag), \u00fcber den Donaukanal und die Nordbr\u00fccke auf die A22 Richtung Prag. A22-Abfahrt \u201eStrebersdorf\u201c.<br>Aus dem&nbsp;<strong>S\u00fcden<\/strong>&nbsp;kommend \u2013 \u00fcber die A2 und die S\u00fcdost-Tangente (Wegweiser zur A22 Richtung Prag) auf die A22 Richtung Prag. A22-Abfahrt \u201eStrebersdorf\u201c.<br>Aus dem&nbsp;<strong>Norden<\/strong>&nbsp;kommend \u2013 \u00fcber die A22 oder die B3 Wachau-Bundesstra\u00dfe direkt zur A22-Abfahrt \u201eStrebersdorf\u201c.<br>Aus dem&nbsp;<strong>Westen<\/strong>&nbsp;kommend \u2013 \u00fcber die A1 zum G\u00fcrtel (Wegweiser zur A22 Richtung Prag), \u00fcber den Donaukanal und die Nordbr\u00fccke auf die A22 Richtung Prag. A22-Abfahrt \u201eStrebersdorf\u201c.<br>Aus dem&nbsp;<strong>S\u00fcden<\/strong>&nbsp;kommend \u2013 \u00fcber die A2 und die S\u00fcdost-Tangente (Wegweiser zur A22 Richtung Prag) auf die A22 Richtung Prag. A22-Abfahrt \u201eStrebersdorf\u201c. <\/p>\n\n\n\n<p><strong>Ab der Abfahrt Strebersdorf<\/strong> bei der 1. Ampel links abbiegen auf die Vohburggasse. Geradeaus weiter bis zur n\u00e4chsten Kreuzung, dort links abbiegen auf Scheydgasse. Bei erster Gelegenheit links abbiegen auf &#8222;Am Hubertusdamm&#8220;. Dem Stra\u00dfenverlauf folgen. Nach 600 m rechts abbiegen auf die Br\u00fccke \u00fcber die Autobahn, dann rechts abbiegen zum Parkplatz. Dort bitte parken, der Parkplatz ist geb\u00fchrenfrei. Von dort ca. 200 m Fu\u00dfweg bis zum Segelzentrum.<br><\/p>\n\n\n\n<h3 class=\"wp-block-heading\" style=\"font-size:20px\">Mit den \u00d6ffis<\/h3>\n\n\n\n<p>Ab Bahnhof Floridsdorf (U6, Schnellbahn) mit dem Bus 34A Richtung &#8222;Strebersdorf&#8220; bis Station &#8222;Segelzentrum Nord&#8220; oder &#8222;Schwarzlackenau (Am Hubertusdamm)&#8220;.  Bus 34 A Richtung &#8222;Schwarzlackenau (Am Hubertusdamm)&#8220; h\u00e4lt nur an der Endstation und f\u00e4hrt nicht die eine Station zum &#8222;Segelzentrum Nord&#8220; weiter. Es sind 11 Stationen. Fahrtdauer ca. 15 Minuten. Von dort Br\u00fccke \u00fcber die Autobahn, rechts abbiegen auf den Parkplatz und gerade aus weiter bis zum Segelzentrum. Fu\u00dfweg ca. 700 m, Gehzeit ca. 8 Minuten.<\/p>\n\n\n\n<h3 class=\"wp-block-heading\" style=\"font-size:20px\">Mit dem Fahrrad<\/h3>\n\n\n\n<p>Ab Bahnhof Handelskai (U6, Schnellbahn) \u00fcber den Georg Danzer Steg zur Donauinsel. Von dort Richtung Norden bis zur Jedleseer Br\u00fccke (Rote Br\u00fccke). \u00dcber die Br\u00fccke, dann weiter nach Norden bis zum Segelzentrum Wien. Gesamtstrecke ab Bahnhof Handelskai ca 5 km, Fahrtzeit ca. 20 Minuten.<\/p>\n\n\n\n<iframe loading=\"lazy\" width=\"425\" height=\"350\" frameborder=\"0\" scrolling=\"no\" marginheight=\"0\" marginwidth=\"0\" src=\"https:\/\/www.openstreetmap.org\/export\/embed.html?bbox=16.3605147600174%2C48.279623022282514%2C16.367595791816715%2C48.28283591939&amp;layer=mapnik&amp;marker=48.28122949609622%2C16.364055275917053\" style=\"border: 1px solid black\"><\/iframe><br\/><small><a href=\"https:\/\/www.openstreetmap.org\/?mlat=48.28123&amp;mlon=16.36406#map=18\/48.28123\/16.36406\">Gr\u00f6\u00dfere Karte anzeigen<\/a><\/small>\n\n\n\n<div style=\"height:21px\" aria-hidden=\"true\" class=\"wp-block-spacer\"><\/div>\n\n\n\n<h2 class=\"wp-block-heading\">Kontaktformular<\/h2>\n\n\n<style id=\"wpforms-css-vars-2758-block-29bea7fc-5aba-435e-ad26-175392947b25\">\n\t\t\t\t#wpforms-2758.wpforms-block-29bea7fc-5aba-435e-ad26-175392947b25 {\n\t\t\t\t--wpforms-field-size-input-height: 43px;\n--wpforms-field-size-input-spacing: 15px;\n--wpforms-field-size-font-size: 16px;\n--wpforms-field-size-line-height: 19px;\n--wpforms-field-size-padding-h: 14px;\n--wpforms-field-size-checkbox-size: 16px;\n--wpforms-field-size-sublabel-spacing: 5px;\n--wpforms-field-size-icon-size: 1;\n--wpforms-label-size-font-size: 16px;\n--wpforms-label-size-line-height: 19px;\n--wpforms-label-size-sublabel-font-size: 14px;\n--wpforms-label-size-sublabel-line-height: 17px;\n--wpforms-button-size-font-size: 17px;\n--wpforms-button-size-height: 41px;\n--wpforms-button-size-padding-h: 15px;\n--wpforms-button-size-margin-top: 10px;\n\t\t\t}\n\t\t\t<\/style><div class=\"wpforms-container wpforms-container-full wpforms-block wpforms-block-29bea7fc-5aba-435e-ad26-175392947b25 wpforms-render-modern\" id=\"wpforms-2758\"><form id=\"wpforms-form-2758\" class=\"wpforms-validate wpforms-form wpforms-ajax-form\" data-formid=\"2758\" method=\"post\" enctype=\"multipart\/form-data\" action=\"\/wpneu\/index.php\/wp-json\/wp\/v2\/pages\/2379\" data-token=\"b051f2f2d35d8646c1093d13746c5cdc\" data-token-time=\"1776288486\"><noscript class=\"wpforms-error-noscript\">Bitte aktiviere JavaScript in deinem Browser, um dieses Formular fertigzustellen.<\/noscript><div id=\"wpforms-error-noscript\" style=\"display: none;\">Bitte aktiviere JavaScript in deinem Browser, um dieses Formular fertigzustellen.<\/div><div class=\"wpforms-field-container\"><div id=\"wpforms-2758-field_0-container\" class=\"wpforms-field wpforms-field-name\" data-field-id=\"0\"><fieldset><legend class=\"wpforms-field-label\">Name <span class=\"wpforms-required-label\" aria-hidden=\"true\">*<\/span><\/legend><div class=\"wpforms-field-row wpforms-field-medium\"><div class=\"wpforms-field-row-block wpforms-first wpforms-one-half\"><input type=\"text\" id=\"wpforms-2758-field_0\" class=\"wpforms-field-name-first wpforms-field-required\" name=\"wpforms[fields][0][first]\" aria-errormessage=\"wpforms-2758-field_0-error\" required><label for=\"wpforms-2758-field_0\" class=\"wpforms-field-sublabel after\">Vorname<\/label><\/div><div class=\"wpforms-field-row-block wpforms-one-half\"><input type=\"text\" id=\"wpforms-2758-field_0-last\" class=\"wpforms-field-name-last wpforms-field-required\" name=\"wpforms[fields][0][last]\" aria-errormessage=\"wpforms-2758-field_0-last-error\" required><label for=\"wpforms-2758-field_0-last\" class=\"wpforms-field-sublabel after\">Nachname<\/label><\/div><\/div><\/fieldset><\/div><div id=\"wpforms-2758-field_1-container\" class=\"wpforms-field wpforms-field-email\" data-field-id=\"1\"><label class=\"wpforms-field-label\" for=\"wpforms-2758-field_1\">E-Mail <span class=\"wpforms-required-label\" aria-hidden=\"true\">*<\/span><\/label><input type=\"email\" id=\"wpforms-2758-field_1\" class=\"wpforms-field-medium wpforms-field-required\" name=\"wpforms[fields][1]\" spellcheck=\"false\" aria-errormessage=\"wpforms-2758-field_1-error\" required><\/div><div id=\"wpforms-2758-field_2-container\" class=\"wpforms-field wpforms-field-textarea\" data-field-id=\"2\"><label class=\"wpforms-field-label\" for=\"wpforms-2758-field_2\">Kommentar oder Nachricht<\/label><textarea id=\"wpforms-2758-field_2\" class=\"wpforms-field-medium\" name=\"wpforms[fields][2]\" aria-errormessage=\"wpforms-2758-field_2-error\" ><\/textarea><\/div><\/div><!-- .wpforms-field-container --><div class=\"wpforms-submit-container\" ><input type=\"hidden\" name=\"wpforms[id]\" value=\"2758\"><input type=\"hidden\" name=\"page_title\" value=\"\"><input type=\"hidden\" name=\"page_url\" value=\"https:\/\/saf-wien.at\/wpneu\/index.php\/wp-json\/wp\/v2\/pages\/2379\"><input type=\"hidden\" name=\"url_referer\" value=\"\"><button type=\"submit\" name=\"wpforms[submit]\" id=\"wpforms-submit-2758\" class=\"wpforms-submit\" data-alt-text=\"Senden\u2026\" data-submit-text=\"Absenden\" aria-live=\"assertive\" value=\"wpforms-submit\">Absenden<\/button><img loading=\"lazy\" decoding=\"async\" src=\"https:\/\/saf-wien.at\/wpneu\/wp-content\/plugins\/wpforms-lite\/assets\/images\/submit-spin.svg\" class=\"wpforms-submit-spinner\" style=\"display: none;\" width=\"26\" height=\"26\" alt=\"Wird geladen\"><\/div><\/form><\/div>  <!-- .wpforms-container -->","protected":false},"excerpt":{"rendered":"<p>Segelverein&nbsp;ASK\u00d6&nbsp;FloridsdorfStandortadresse: Am Hubertusdamm 141 1210 Wien Anfahrt Unser Clubgel\u00e4nde befindet sich im Segelzentrum Wien. Die GPS-Position des Clubgeb\u00e4udes ist 48-16-53,3 N \/ 16-21-50,2 E (WGS84) Mit dem Auto Aus dem&nbsp;Norden&nbsp;kommend \u2013 \u00fcber die A22 oder die B3 Wachau-Bundesstra\u00dfe direkt zur A22-Abfahrt \u201eStrebersdorf\u201c.Aus dem&nbsp;Westen&nbsp;kommend \u2013 \u00fcber die A1 zum G\u00fcrtel (Wegweiser zur A22 Richtung Prag), \u00fcber &#8230; <a title=\"Kontakt\" class=\"read-more\" href=\"https:\/\/saf-wien.at\/wpneu\/index.php\/kontakt\/\" aria-label=\"Mehr Informationen \u00fcber Kontakt\">Weiterlesen<\/a><\/p>\n","protected":false},"author":7,"featured_media":0,"parent":0,"menu_order":0,"comment_status":"closed","ping_status":"closed","template":"","meta":{"footnotes":""},"class_list":["post-2379","page","type-page","status-publish"],"_links":{"self":[{"href":"https:\/\/saf-wien.at\/wpneu\/index.php\/wp-json\/wp\/v2\/pages\/2379","targetHints":{"allow":["GET"]}}],"collection":[{"href":"https:\/\/saf-wien.at\/wpneu\/index.php\/wp-json\/wp\/v2\/pages"}],"about":[{"href":"https:\/\/saf-wien.at\/wpneu\/index.php\/wp-json\/wp\/v2\/types\/page"}],"author":[{"embeddable":true,"href":"https:\/\/saf-wien.at\/wpneu\/index.php\/wp-json\/wp\/v2\/users\/7"}],"replies":[{"embeddable":true,"href":"https:\/\/saf-wien.at\/wpneu\/index.php\/wp-json\/wp\/v2\/comments?post=2379"}],"version-history":[{"count":30,"href":"https:\/\/saf-wien.at\/wpneu\/index.php\/wp-json\/wp\/v2\/pages\/2379\/revisions"}],"predecessor-version":[{"id":4819,"href":"https:\/\/saf-wien.at\/wpneu\/index.php\/wp-json\/wp\/v2\/pages\/2379\/revisions\/4819"}],"wp:attachment":[{"href":"https:\/\/saf-wien.at\/wpneu\/index.php\/wp-json\/wp\/v2\/media?parent=2379"}],"curies":[{"name":"wp","href":"https:\/\/api.w.org\/{rel}","templated":true}]}}